{"id":173,"date":"2024-10-27T19:12:24","date_gmt":"2024-10-27T18:12:24","guid":{"rendered":"https:\/\/apperreux.com\/?page_id=173"},"modified":"2025-09-12T15:14:28","modified_gmt":"2025-09-12T13:14:28","slug":"le-comite-directeur","status":"publish","type":"page","link":"https:\/\/apperreux.com\/index.php\/le-comite-directeur\/","title":{"rendered":"Le Comit\u00e9 Directeur"},"content":{"rendered":"\t\t<div data-elementor-type=\"wp-page\" data-elementor-id=\"173\" class=\"elementor elementor-173\">\n\t\t\t\t<div class=\"elementor-element elementor-element-f710088 e-grid e-con-boxed e-con e-parent\" data-id=\"f710088\" data-element_type=\"container\" data-e-type=\"container\">\n\t\t\t\t\t<div class=\"e-con-inner\">\n\t\t\t\t<div class=\"elementor-element elementor-element-6404a6e elementor-widget elementor-widget-image\" data-id=\"6404a6e\" data-element_type=\"widget\" data-e-type=\"widget\" data-widget_type=\"image.default\">\n\t\t\t\t\t\t\t\t\t\t\t\t<figure class=\"wp-caption\">\n\t\t\t\t\t\t\t\t\t\t<img decoding=\"async\" src=\"https:\/\/apperreux.com\/wp-content\/uploads\/2024\/10\/WhatsApp-Image-2024-10-27-at-18.49.37-1-e1757681009670.jpeg\" title=\"WhatsApp Image 2024-10-27 at 18.49.37 (1)\" alt=\"WhatsApp Image 2024-10-27 at 18.49.37 (1)\" loading=\"lazy\" \/>\t\t\t\t\t\t\t\t\t\t\t<figcaption class=\"widget-image-caption wp-caption-text\">Philippe TURCAN - Pr\u00e9sident<\/figcaption>\n\t\t\t\t\t\t\t\t\t\t<\/figure>\n\t\t\t\t\t\t\t\t\t<\/div>\n\t\t\t\t<div class=\"elementor-element elementor-element-58b26c9 elementor-widget elementor-widget-image\" data-id=\"58b26c9\" data-element_type=\"widget\" data-e-type=\"widget\" data-widget_type=\"image.default\">\n\t\t\t\t\t\t\t\t\t\t\t\t<figure class=\"wp-caption\">\n\t\t\t\t\t\t\t\t\t\t<img decoding=\"async\" src=\"https:\/\/apperreux.com\/wp-content\/uploads\/2024\/11\/WhatsApp-Image-2024-11-15-at-14.48.04-e1757680597688.jpeg\" title=\"WhatsApp Image 2024-11-15 at 14.48.04\" alt=\"WhatsApp Image 2024-11-15 at 14.48.04\" loading=\"lazy\" \/>\t\t\t\t\t\t\t\t\t\t\t<figcaption class=\"widget-image-caption wp-caption-text\">Gilles  SMADJA - Tr\u00e9sorier<\/figcaption>\n\t\t\t\t\t\t\t\t\t\t<\/figure>\n\t\t\t\t\t\t\t\t\t<\/div>\n\t\t\t\t<div class=\"elementor-element elementor-element-90f1d6d elementor-widget elementor-widget-image\" data-id=\"90f1d6d\" data-element_type=\"widget\" data-e-type=\"widget\" data-widget_type=\"image.default\">\n\t\t\t\t\t\t\t\t\t\t\t\t<figure class=\"wp-caption\">\n\t\t\t\t\t\t\t\t\t\t<img decoding=\"async\" src=\"https:\/\/apperreux.com\/wp-content\/uploads\/2024\/10\/WhatsApp-Image-2024-10-27-at-18.49.37-2-e1757680955264.jpeg\" title=\"WhatsApp Image 2024-10-27 at 18.49.37 (2)\" alt=\"Fran\u00e7ois Fievet\" loading=\"lazy\" \/>\t\t\t\t\t\t\t\t\t\t\t<figcaption class=\"widget-image-caption wp-caption-text\">Fran\u00e7ois FIEVET - Secr\u00e9taire<\/figcaption>\n\t\t\t\t\t\t\t\t\t\t<\/figure>\n\t\t\t\t\t\t\t\t\t<\/div>\n\t\t\t\t<div class=\"elementor-element elementor-element-a9fb21f elementor-widget elementor-widget-image\" data-id=\"a9fb21f\" data-element_type=\"widget\" data-e-type=\"widget\" data-widget_type=\"image.default\">\n\t\t\t\t\t\t\t\t\t\t\t\t<figure class=\"wp-caption\">\n\t\t\t\t\t\t\t\t\t\t<img decoding=\"async\" src=\"https:\/\/apperreux.com\/wp-content\/uploads\/2025\/01\/IMG_7212-rotated-e1757681071290.jpeg\" title=\"IMG_7212\" alt=\"Patrick MAGNE\nDirecteur Sportif\" loading=\"lazy\" \/>\t\t\t\t\t\t\t\t\t\t\t<figcaption class=\"widget-image-caption wp-caption-text\">Patrick MAGNE - Directeur Sportif<\/figcaption>\n\t\t\t\t\t\t\t\t\t\t<\/figure>\n\t\t\t\t\t\t\t\t\t<\/div>\n\t\t\t\t\t<\/div>\n\t\t\t\t<\/div>\n\t\t<div class=\"elementor-element elementor-element-b73ddbb e-grid e-con-boxed e-con e-parent\" data-id=\"b73ddbb\" data-element_type=\"container\" data-e-type=\"container\">\n\t\t\t\t\t<div class=\"e-con-inner\">\n\t\t\t\t<div class=\"elementor-element elementor-element-473f671 elementor-widget elementor-widget-image\" data-id=\"473f671\" data-element_type=\"widget\" data-e-type=\"widget\" data-widget_type=\"image.default\">\n\t\t\t\t\t\t\t\t\t\t\t\t<figure class=\"wp-caption\">\n\t\t\t\t\t\t\t\t\t\t<img decoding=\"async\" src=\"https:\/\/apperreux.com\/wp-content\/uploads\/2024\/10\/WhatsApp-Image-2024-10-27-at-18.49.37-3-e1757680900439.jpeg\" title=\"WhatsApp Image 2024-10-27 at 18.49.37 (3)\" alt=\"WhatsApp Image 2024-10-27 at 18.49.37 (3)\" loading=\"lazy\" \/>\t\t\t\t\t\t\t\t\t\t\t<figcaption class=\"widget-image-caption wp-caption-text\">Julien KERHUEL  - Resp. Communication<\/figcaption>\n\t\t\t\t\t\t\t\t\t\t<\/figure>\n\t\t\t\t\t\t\t\t\t<\/div>\n\t\t\t\t<div class=\"elementor-element elementor-element-05f45a5 elementor-widget elementor-widget-image\" data-id=\"05f45a5\" data-element_type=\"widget\" data-e-type=\"widget\" data-widget_type=\"image.default\">\n\t\t\t\t\t\t\t\t\t\t\t\t<figure class=\"wp-caption\">\n\t\t\t\t\t\t\t\t\t\t<img decoding=\"async\" src=\"https:\/\/apperreux.com\/wp-content\/uploads\/2025\/01\/IMG_7211-rotated-e1757682521831.jpeg\" title=\"IMG_7211\" alt=\"IMG_7211\" loading=\"lazy\" \/>\t\t\t\t\t\t\t\t\t\t\t<figcaption class=\"widget-image-caption wp-caption-text\">Nicolas BOULADE - Resp. Mat\u00e9riel<\/figcaption>\n\t\t\t\t\t\t\t\t\t\t<\/figure>\n\t\t\t\t\t\t\t\t\t<\/div>\n\t\t\t\t<div class=\"elementor-element elementor-element-e403def elementor-widget elementor-widget-image\" data-id=\"e403def\" data-element_type=\"widget\" data-e-type=\"widget\" data-widget_type=\"image.default\">\n\t\t\t\t\t\t\t\t\t\t\t\t<figure class=\"wp-caption\">\n\t\t\t\t\t\t\t\t\t\t<img decoding=\"async\" src=\"https:\/\/apperreux.com\/wp-content\/uploads\/2024\/10\/WhatsApp-Image-2024-10-27-at-18.49.37-e1757682685368.jpeg\" title=\"WhatsApp Image 2024-10-27 at 18.49.37\" alt=\"WhatsApp Image 2024-10-27 at 18.49.37\" loading=\"lazy\" \/>\t\t\t\t\t\t\t\t\t\t\t<figcaption class=\"widget-image-caption wp-caption-text\">Enzo LAVINA - Resp. Communication<\/figcaption>\n\t\t\t\t\t\t\t\t\t\t<\/figure>\n\t\t\t\t\t\t\t\t\t<\/div>\n\t\t\t\t\t<\/div>\n\t\t\t\t<\/div>\n\t\t\t\t<\/div>\n\t\t","protected":false},"excerpt":{"rendered":"<p>Philippe TURCAN &#8211; Pr\u00e9sident Gilles SMADJA &#8211; Tr\u00e9sorier Fran\u00e7ois FIEVET &#8211; Secr\u00e9taire Patrick MAGNE &#8211; Directeur Sportif Julien KERHUEL &#8211; Resp. Communication Nicolas BOULADE &#8211; Resp. Mat\u00e9riel Enzo LAVINA &#8211; Resp. Communication<\/p>\n","protected":false},"author":1,"featured_media":0,"parent":0,"menu_order":0,"comment_status":"closed","ping_status":"closed","template":"","meta":{"ocean_post_layout":"","ocean_both_sidebars_style":"","ocean_both_sidebars_content_width":0,"ocean_both_sidebars_sidebars_width":0,"ocean_sidebar":"","ocean_second_sidebar":"","ocean_disable_margins":"enable","ocean_add_body_class":"","ocean_shortcode_before_top_bar":"","ocean_shortcode_after_top_bar":"","ocean_shortcode_before_header":"","ocean_shortcode_after_header":"","ocean_has_shortcode":"","ocean_shortcode_after_title":"","ocean_shortcode_before_footer_widgets":"","ocean_shortcode_after_footer_widgets":"","ocean_shortcode_before_footer_bottom":"","ocean_shortcode_after_footer_bottom":"","ocean_display_top_bar":"default","ocean_display_header":"default","ocean_header_style":"","ocean_center_header_left_menu":"","ocean_custom_header_template":"","ocean_custom_logo":0,"ocean_custom_retina_logo":0,"ocean_custom_logo_max_width":0,"ocean_custom_logo_tablet_max_width":0,"ocean_custom_logo_mobile_max_width":0,"ocean_custom_logo_max_height":0,"ocean_custom_logo_tablet_max_height":0,"ocean_custom_logo_mobile_max_height":0,"ocean_header_custom_menu":"","ocean_menu_typo_font_family":"","ocean_menu_typo_font_subset":"","ocean_menu_typo_font_size":0,"ocean_menu_typo_font_size_tablet":0,"ocean_menu_typo_font_size_mobile":0,"ocean_menu_typo_font_size_unit":"px","ocean_menu_typo_font_weight":"","ocean_menu_typo_font_weight_tablet":"","ocean_menu_typo_font_weight_mobile":"","ocean_menu_typo_transform":"","ocean_menu_typo_transform_tablet":"","ocean_menu_typo_transform_mobile":"","ocean_menu_typo_line_height":0,"ocean_menu_typo_line_height_tablet":0,"ocean_menu_typo_line_height_mobile":0,"ocean_menu_typo_line_height_unit":"","ocean_menu_typo_spacing":0,"ocean_menu_typo_spacing_tablet":0,"ocean_menu_typo_spacing_mobile":0,"ocean_menu_typo_spacing_unit":"","ocean_menu_link_color":"","ocean_menu_link_color_hover":"","ocean_menu_link_color_active":"","ocean_menu_link_background":"","ocean_menu_link_hover_background":"","ocean_menu_link_active_background":"","ocean_menu_social_links_bg":"","ocean_menu_social_hover_links_bg":"","ocean_menu_social_links_color":"","ocean_menu_social_hover_links_color":"","ocean_disable_title":"default","ocean_disable_heading":"default","ocean_post_title":"","ocean_post_subheading":"","ocean_post_title_style":"","ocean_post_title_background_color":"","ocean_post_title_background":0,"ocean_post_title_bg_image_position":"","ocean_post_title_bg_image_attachment":"","ocean_post_title_bg_image_repeat":"","ocean_post_title_bg_image_size":"","ocean_post_title_height":0,"ocean_post_title_bg_overlay":0.5,"ocean_post_title_bg_overlay_color":"","ocean_disable_breadcrumbs":"default","ocean_breadcrumbs_color":"","ocean_breadcrumbs_separator_color":"","ocean_breadcrumbs_links_color":"","ocean_breadcrumbs_links_hover_color":"","ocean_display_footer_widgets":"default","ocean_display_footer_bottom":"default","ocean_custom_footer_template":"","footnotes":""},"class_list":["post-173","page","type-page","status-publish","hentry","entry"],"yoast_head":"<!-- This site is optimized with the Yoast SEO plugin v27.5 - https:\/\/yoast.com\/product\/yoast-seo-wordpress\/ -->\n<title>Le Comit\u00e9 Directeur - Amicale Pongiste du Perreux<\/title>\n<meta name=\"robots\" content=\"index, follow, max-snippet:-1, max-image-preview:large, max-video-preview:-1\" \/>\n<link rel=\"canonical\" href=\"https:\/\/apperreux.com\/index.php\/le-comite-directeur\/\" \/>\n<meta property=\"og:locale\" content=\"en_US\" \/>\n<meta property=\"og:type\" content=\"article\" \/>\n<meta property=\"og:title\" content=\"Le Comit\u00e9 Directeur - Amicale Pongiste du Perreux\" \/>\n<meta property=\"og:description\" content=\"Philippe TURCAN &#8211; Pr\u00e9sident Gilles SMADJA &#8211; Tr\u00e9sorier Fran\u00e7ois FIEVET &#8211; Secr\u00e9taire Patrick MAGNE &#8211; Directeur Sportif Julien KERHUEL &#8211; Resp. Communication Nicolas BOULADE &#8211; Resp. Mat\u00e9riel Enzo LAVINA &#8211; Resp. Communication\" \/>\n<meta property=\"og:url\" content=\"https:\/\/apperreux.com\/index.php\/le-comite-directeur\/\" \/>\n<meta property=\"og:site_name\" content=\"Amicale Pongiste du Perreux\" \/>\n<meta property=\"article:modified_time\" content=\"2025-09-12T13:14:28+00:00\" \/>\n<meta property=\"og:image\" content=\"http:\/\/apperreux.com\/wp-content\/uploads\/2024\/10\/WhatsApp-Image-2024-10-27-at-18.49.37-1-e1757681009670.jpeg\" \/>\n<meta name=\"twitter:card\" content=\"summary_large_image\" \/>\n<meta name=\"twitter:label1\" content=\"Est. reading time\" \/>\n\t<meta name=\"twitter:data1\" content=\"2 minutes\" \/>\n<script type=\"application\/ld+json\" class=\"yoast-schema-graph\">{\"@context\":\"https:\\\/\\\/schema.org\",\"@graph\":[{\"@type\":\"WebPage\",\"@id\":\"https:\\\/\\\/apperreux.com\\\/index.php\\\/le-comite-directeur\\\/\",\"url\":\"https:\\\/\\\/apperreux.com\\\/index.php\\\/le-comite-directeur\\\/\",\"name\":\"Le Comit\u00e9 Directeur - Amicale Pongiste du Perreux\",\"isPartOf\":{\"@id\":\"https:\\\/\\\/apperreux.com\\\/#website\"},\"primaryImageOfPage\":{\"@id\":\"https:\\\/\\\/apperreux.com\\\/index.php\\\/le-comite-directeur\\\/#primaryimage\"},\"image\":{\"@id\":\"https:\\\/\\\/apperreux.com\\\/index.php\\\/le-comite-directeur\\\/#primaryimage\"},\"thumbnailUrl\":\"http:\\\/\\\/apperreux.com\\\/wp-content\\\/uploads\\\/2024\\\/10\\\/WhatsApp-Image-2024-10-27-at-18.49.37-1-e1757681009670.jpeg\",\"datePublished\":\"2024-10-27T18:12:24+00:00\",\"dateModified\":\"2025-09-12T13:14:28+00:00\",\"breadcrumb\":{\"@id\":\"https:\\\/\\\/apperreux.com\\\/index.php\\\/le-comite-directeur\\\/#breadcrumb\"},\"inLanguage\":\"en-US\",\"potentialAction\":[{\"@type\":\"ReadAction\",\"target\":[\"https:\\\/\\\/apperreux.com\\\/index.php\\\/le-comite-directeur\\\/\"]}]},{\"@type\":\"ImageObject\",\"inLanguage\":\"en-US\",\"@id\":\"https:\\\/\\\/apperreux.com\\\/index.php\\\/le-comite-directeur\\\/#primaryimage\",\"url\":\"http:\\\/\\\/apperreux.com\\\/wp-content\\\/uploads\\\/2024\\\/10\\\/WhatsApp-Image-2024-10-27-at-18.49.37-1-e1757681009670.jpeg\",\"contentUrl\":\"http:\\\/\\\/apperreux.com\\\/wp-content\\\/uploads\\\/2024\\\/10\\\/WhatsApp-Image-2024-10-27-at-18.49.37-1-e1757681009670.jpeg\"},{\"@type\":\"BreadcrumbList\",\"@id\":\"https:\\\/\\\/apperreux.com\\\/index.php\\\/le-comite-directeur\\\/#breadcrumb\",\"itemListElement\":[{\"@type\":\"ListItem\",\"position\":1,\"name\":\"Accueil\",\"item\":\"https:\\\/\\\/apperreux.com\\\/\"},{\"@type\":\"ListItem\",\"position\":2,\"name\":\"Le Comit\u00e9 Directeur\"}]},{\"@type\":\"WebSite\",\"@id\":\"https:\\\/\\\/apperreux.com\\\/#website\",\"url\":\"https:\\\/\\\/apperreux.com\\\/\",\"name\":\"Amicale Pongiste du Perreux\",\"description\":\"Club de Tennis de Table du Perreux sur Marne\",\"publisher\":{\"@id\":\"https:\\\/\\\/apperreux.com\\\/#organization\"},\"potentialAction\":[{\"@type\":\"SearchAction\",\"target\":{\"@type\":\"EntryPoint\",\"urlTemplate\":\"https:\\\/\\\/apperreux.com\\\/?s={search_term_string}\"},\"query-input\":{\"@type\":\"PropertyValueSpecification\",\"valueRequired\":true,\"valueName\":\"search_term_string\"}}],\"inLanguage\":\"en-US\"},{\"@type\":\"Organization\",\"@id\":\"https:\\\/\\\/apperreux.com\\\/#organization\",\"name\":\"Amicale Pongiste du Perreux\",\"url\":\"https:\\\/\\\/apperreux.com\\\/\",\"logo\":{\"@type\":\"ImageObject\",\"inLanguage\":\"en-US\",\"@id\":\"https:\\\/\\\/apperreux.com\\\/#\\\/schema\\\/logo\\\/image\\\/\",\"url\":\"https:\\\/\\\/apperreux.com\\\/wp-content\\\/uploads\\\/2025\\\/09\\\/cropped-essai-log-OK-NOIR-18-FFF9B5.ai_-scaled-1.png\",\"contentUrl\":\"https:\\\/\\\/apperreux.com\\\/wp-content\\\/uploads\\\/2025\\\/09\\\/cropped-essai-log-OK-NOIR-18-FFF9B5.ai_-scaled-1.png\",\"width\":956,\"height\":1501,\"caption\":\"Amicale Pongiste du Perreux\"},\"image\":{\"@id\":\"https:\\\/\\\/apperreux.com\\\/#\\\/schema\\\/logo\\\/image\\\/\"}}]}<\/script>\n<!-- \/ Yoast SEO plugin. -->","yoast_head_json":{"title":"Le Comit\u00e9 Directeur - Amicale Pongiste du Perreux","robots":{"index":"index","follow":"follow","max-snippet":"max-snippet:-1","max-image-preview":"max-image-preview:large","max-video-preview":"max-video-preview:-1"},"canonical":"https:\/\/apperreux.com\/index.php\/le-comite-directeur\/","og_locale":"en_US","og_type":"article","og_title":"Le Comit\u00e9 Directeur - Amicale Pongiste du Perreux","og_description":"Philippe TURCAN &#8211; Pr\u00e9sident Gilles SMADJA &#8211; Tr\u00e9sorier Fran\u00e7ois FIEVET &#8211; Secr\u00e9taire Patrick MAGNE &#8211; Directeur Sportif Julien KERHUEL &#8211; Resp. Communication Nicolas BOULADE &#8211; Resp. Mat\u00e9riel Enzo LAVINA &#8211; Resp. Communication","og_url":"https:\/\/apperreux.com\/index.php\/le-comite-directeur\/","og_site_name":"Amicale Pongiste du Perreux","article_modified_time":"2025-09-12T13:14:28+00:00","og_image":[{"url":"http:\/\/apperreux.com\/wp-content\/uploads\/2024\/10\/WhatsApp-Image-2024-10-27-at-18.49.37-1-e1757681009670.jpeg","type":"","width":"","height":""}],"twitter_card":"summary_large_image","twitter_misc":{"Est. reading time":"2 minutes"},"schema":{"@context":"https:\/\/schema.org","@graph":[{"@type":"WebPage","@id":"https:\/\/apperreux.com\/index.php\/le-comite-directeur\/","url":"https:\/\/apperreux.com\/index.php\/le-comite-directeur\/","name":"Le Comit\u00e9 Directeur - Amicale Pongiste du Perreux","isPartOf":{"@id":"https:\/\/apperreux.com\/#website"},"primaryImageOfPage":{"@id":"https:\/\/apperreux.com\/index.php\/le-comite-directeur\/#primaryimage"},"image":{"@id":"https:\/\/apperreux.com\/index.php\/le-comite-directeur\/#primaryimage"},"thumbnailUrl":"http:\/\/apperreux.com\/wp-content\/uploads\/2024\/10\/WhatsApp-Image-2024-10-27-at-18.49.37-1-e1757681009670.jpeg","datePublished":"2024-10-27T18:12:24+00:00","dateModified":"2025-09-12T13:14:28+00:00","breadcrumb":{"@id":"https:\/\/apperreux.com\/index.php\/le-comite-directeur\/#breadcrumb"},"inLanguage":"en-US","potentialAction":[{"@type":"ReadAction","target":["https:\/\/apperreux.com\/index.php\/le-comite-directeur\/"]}]},{"@type":"ImageObject","inLanguage":"en-US","@id":"https:\/\/apperreux.com\/index.php\/le-comite-directeur\/#primaryimage","url":"http:\/\/apperreux.com\/wp-content\/uploads\/2024\/10\/WhatsApp-Image-2024-10-27-at-18.49.37-1-e1757681009670.jpeg","contentUrl":"http:\/\/apperreux.com\/wp-content\/uploads\/2024\/10\/WhatsApp-Image-2024-10-27-at-18.49.37-1-e1757681009670.jpeg"},{"@type":"BreadcrumbList","@id":"https:\/\/apperreux.com\/index.php\/le-comite-directeur\/#breadcrumb","itemListElement":[{"@type":"ListItem","position":1,"name":"Accueil","item":"https:\/\/apperreux.com\/"},{"@type":"ListItem","position":2,"name":"Le Comit\u00e9 Directeur"}]},{"@type":"WebSite","@id":"https:\/\/apperreux.com\/#website","url":"https:\/\/apperreux.com\/","name":"Amicale Pongiste du Perreux","description":"Club de Tennis de Table du Perreux sur Marne","publisher":{"@id":"https:\/\/apperreux.com\/#organization"},"potentialAction":[{"@type":"SearchAction","target":{"@type":"EntryPoint","urlTemplate":"https:\/\/apperreux.com\/?s={search_term_string}"},"query-input":{"@type":"PropertyValueSpecification","valueRequired":true,"valueName":"search_term_string"}}],"inLanguage":"en-US"},{"@type":"Organization","@id":"https:\/\/apperreux.com\/#organization","name":"Amicale Pongiste du Perreux","url":"https:\/\/apperreux.com\/","logo":{"@type":"ImageObject","inLanguage":"en-US","@id":"https:\/\/apperreux.com\/#\/schema\/logo\/image\/","url":"https:\/\/apperreux.com\/wp-content\/uploads\/2025\/09\/cropped-essai-log-OK-NOIR-18-FFF9B5.ai_-scaled-1.png","contentUrl":"https:\/\/apperreux.com\/wp-content\/uploads\/2025\/09\/cropped-essai-log-OK-NOIR-18-FFF9B5.ai_-scaled-1.png","width":956,"height":1501,"caption":"Amicale Pongiste du Perreux"},"image":{"@id":"https:\/\/apperreux.com\/#\/schema\/logo\/image\/"}}]}},"_links":{"self":[{"href":"https:\/\/apperreux.com\/index.php\/wp-json\/wp\/v2\/pages\/173","targetHints":{"allow":["GET"]}}],"collection":[{"href":"https:\/\/apperreux.com\/index.php\/wp-json\/wp\/v2\/pages"}],"about":[{"href":"https:\/\/apperreux.com\/index.php\/wp-json\/wp\/v2\/types\/page"}],"author":[{"embeddable":true,"href":"https:\/\/apperreux.com\/index.php\/wp-json\/wp\/v2\/users\/1"}],"replies":[{"embeddable":true,"href":"https:\/\/apperreux.com\/index.php\/wp-json\/wp\/v2\/comments?post=173"}],"version-history":[{"count":6,"href":"https:\/\/apperreux.com\/index.php\/wp-json\/wp\/v2\/pages\/173\/revisions"}],"predecessor-version":[{"id":383,"href":"https:\/\/apperreux.com\/index.php\/wp-json\/wp\/v2\/pages\/173\/revisions\/383"}],"wp:attachment":[{"href":"https:\/\/apperreux.com\/index.php\/wp-json\/wp\/v2\/media?parent=173"}],"curies":[{"name":"wp","href":"https:\/\/api.w.org\/{rel}","templated":true}]}}