{"id":2,"date":"2024-07-22T20:47:33","date_gmt":"2024-07-22T18:47:33","guid":{"rendered":"http:\/\/apperreux.com\/?page_id=2"},"modified":"2025-11-19T12:48:55","modified_gmt":"2025-11-19T11:48:55","slug":"page-d-exemple","status":"publish","type":"page","link":"https:\/\/apperreux.com\/index.php\/page-d-exemple\/","title":{"rendered":"Inscription 2025\/2026"},"content":{"rendered":"\t\t<div data-elementor-type=\"wp-page\" data-elementor-id=\"2\" class=\"elementor elementor-2\">\n\t\t\t\t<div class=\"elementor-element elementor-element-d141096 e-flex e-con-boxed e-con e-parent\" data-id=\"d141096\" data-element_type=\"container\" data-e-type=\"container\">\n\t\t\t\t\t<div class=\"e-con-inner\">\n\t\t\t\t<div class=\"elementor-element elementor-element-9b538d1 elementor-widget elementor-widget-text-editor\" data-id=\"9b538d1\" data-element_type=\"widget\" data-e-type=\"widget\" data-widget_type=\"text-editor.default\">\n\t\t\t\t\t\t\t\t\t<p>Pour cette nouvelle saison sportive, les inscriptions au club, et le r\u00e8glement des cotisations, se font via le site HelloAsso.<\/p>\n<p>La d\u00e9marche \u00e0 suivre vous sera expliqu\u00e9e en d\u00e9tail en cliquant sur le bouton &#8220;Adh\u00e9rer au club&#8221;.<\/p>\n<p>Vous trouverez toutes les informations relatives aux cotisations dans le formulaire t\u00e9l\u00e9chargeable ci-dessous.<\/p>\n<p>Si vous avez des questions, n&#8217;h\u00e9sitez pas \u00e0 nous contacter. (voir rubrique Contact)<\/p>\t\t\t\t\t\t\t\t<\/div>\n\t\t\t\t\t<\/div>\n\t\t\t\t<\/div>\n\t\t<div class=\"elementor-element elementor-element-d728532 e-grid e-con-boxed e-con e-parent\" data-id=\"d728532\" data-element_type=\"container\" data-e-type=\"container\">\n\t\t\t\t\t<div class=\"e-con-inner\">\n\t\t\t\t<div class=\"elementor-element elementor-element-5c81762 elementor-align-center elementor-widget elementor-widget-button\" data-id=\"5c81762\" data-element_type=\"widget\" data-e-type=\"widget\" data-widget_type=\"button.default\">\n\t\t\t\t\t\t\t\t\t\t<a class=\"elementor-button elementor-button-link elementor-size-sm\" href=\"https:\/\/www.helloasso.com\/associations\/amicale-pongiste-du-perreux\/adhesions\/adhesion-saison-2025-2026\" target=\"_blank\">\n\t\t\t\t\t\t<span class=\"elementor-button-content-wrapper\">\n\t\t\t\t\t\t\t\t\t<span class=\"elementor-button-text\">Adh\u00e9rer au club<\/span>\n\t\t\t\t\t<\/span>\n\t\t\t\t\t<\/a>\n\t\t\t\t\t\t\t\t<\/div>\n\t\t\t\t<div class=\"elementor-element elementor-element-44bd289 elementor-align-center elementor-widget elementor-widget-button\" data-id=\"44bd289\" data-element_type=\"widget\" data-e-type=\"widget\" data-widget_type=\"button.default\">\n\t\t\t\t\t\t\t\t\t\t<a class=\"elementor-button elementor-button-link elementor-size-sm\" href=\"https:\/\/www.helloasso.com\/associations\/amicale-pongiste-du-perreux\/boutiques\/horaires-2024-2025\" target=\"_blank\">\n\t\t\t\t\t\t<span class=\"elementor-button-content-wrapper\">\n\t\t\t\t\t\t\t\t\t<span class=\"elementor-button-text\">Choix du cr\u00e9neau horaire<\/span>\n\t\t\t\t\t<\/span>\n\t\t\t\t\t<\/a>\n\t\t\t\t\t\t\t\t<\/div>\n\t\t\t\t<div class=\"elementor-element elementor-element-ca42142 elementor-align-center elementor-widget elementor-widget-button\" data-id=\"ca42142\" data-element_type=\"widget\" data-e-type=\"widget\" data-widget_type=\"button.default\">\n\t\t\t\t\t\t\t\t\t\t<a class=\"elementor-button elementor-button-link elementor-size-sm\" href=\"http:\/\/apperreux.com\/wp-content\/uploads\/2025\/09\/Renseignement-cotisation-APP-2025-2026.pdf\" target=\"_blank\">\n\t\t\t\t\t\t<span class=\"elementor-button-content-wrapper\">\n\t\t\t\t\t\t\t\t\t<span class=\"elementor-button-text\">Formulaire de cotisation<\/span>\n\t\t\t\t\t<\/span>\n\t\t\t\t\t<\/a>\n\t\t\t\t\t\t\t\t<\/div>\n\t\t\t\t\t<\/div>\n\t\t\t\t<\/div>\n\t\t<div class=\"elementor-element elementor-element-ef5b715 e-flex e-con-boxed e-con e-parent\" data-id=\"ef5b715\" data-element_type=\"container\" data-e-type=\"container\">\n\t\t\t\t\t<div class=\"e-con-inner\">\n\t\t\t\t<div class=\"elementor-element elementor-element-a4a8155 elementor-widget elementor-widget-text-editor\" data-id=\"a4a8155\" data-element_type=\"widget\" data-e-type=\"widget\" data-widget_type=\"text-editor.default\">\n\t\t\t\t\t\t\t\t\t<p>T\u00e9l\u00e9chargeables ci-dessous \u00e9galement, les questionnaires de sant\u00e9 que nous vous demandons de remplir lors de votre inscription sur HelloAsso.<\/p>\t\t\t\t\t\t\t\t<\/div>\n\t\t\t\t\t<\/div>\n\t\t\t\t<\/div>\n\t\t<div class=\"elementor-element elementor-element-1bdf844 e-grid e-con-boxed e-con e-parent\" data-id=\"1bdf844\" data-element_type=\"container\" data-e-type=\"container\">\n\t\t\t\t\t<div class=\"e-con-inner\">\n\t\t\t\t<div class=\"elementor-element elementor-element-eeff7f5 elementor-align-center elementor-widget elementor-widget-button\" data-id=\"eeff7f5\" data-element_type=\"widget\" data-e-type=\"widget\" data-widget_type=\"button.default\">\n\t\t\t\t\t\t\t\t\t\t<a class=\"elementor-button elementor-button-link elementor-size-sm\" href=\"http:\/\/apperreux.com\/wp-content\/uploads\/2025\/09\/25-10-2-autoquestionnaire-medical-mineur-2025-2026.pdf\" target=\"_blank\">\n\t\t\t\t\t\t<span class=\"elementor-button-content-wrapper\">\n\t\t\t\t\t\t\t\t\t<span class=\"elementor-button-text\">Questionnaire de sant\u00e9 pour Mineur<\/span>\n\t\t\t\t\t<\/span>\n\t\t\t\t\t<\/a>\n\t\t\t\t\t\t\t\t<\/div>\n\t\t\t\t<div class=\"elementor-element elementor-element-8dbe48d elementor-align-center elementor-widget elementor-widget-button\" data-id=\"8dbe48d\" data-element_type=\"widget\" data-e-type=\"widget\" data-widget_type=\"button.default\">\n\t\t\t\t\t\t\t\t\t\t<a class=\"elementor-button elementor-button-link elementor-size-sm\" href=\"http:\/\/apperreux.com\/wp-content\/uploads\/2025\/09\/25-10-1-autoquestionnaire-medical-majeur-2025-2026.pdf\" target=\"_blank\">\n\t\t\t\t\t\t<span class=\"elementor-button-content-wrapper\">\n\t\t\t\t\t\t\t\t\t<span class=\"elementor-button-text\">Questionnaire de sant\u00e9 pour Majeur<\/span>\n\t\t\t\t\t<\/span>\n\t\t\t\t\t<\/a>\n\t\t\t\t\t\t\t\t<\/div>\n\t\t\t\t\t<\/div>\n\t\t\t\t<\/div>\n\t\t\t\t<\/div>\n\t\t","protected":false},"excerpt":{"rendered":"<p>Pour cette nouvelle saison sportive, les inscriptions au club, et le r\u00e8glement des cotisations, se font via le site HelloAsso. La d\u00e9marche \u00e0 suivre vous sera expliqu\u00e9e en d\u00e9tail en cliquant sur le bouton &#8220;Adh\u00e9rer au club&#8221;. Vous trouverez toutes les informations relatives aux cotisations dans le formulaire t\u00e9l\u00e9chargeable ci-dessous. Si vous avez des questions, [&hellip;]<\/p>\n","protected":false},"author":1,"featured_media":0,"parent":0,"menu_order":0,"comment_status":"closed","ping_status":"open","template":"","meta":{"ocean_post_layout":"","ocean_both_sidebars_style":"","ocean_both_sidebars_content_width":0,"ocean_both_sidebars_sidebars_width":0,"ocean_sidebar":"","ocean_second_sidebar":"","ocean_disable_margins":"enable","ocean_add_body_class":"","ocean_shortcode_before_top_bar":"","ocean_shortcode_after_top_bar":"","ocean_shortcode_before_header":"","ocean_shortcode_after_header":"","ocean_has_shortcode":"","ocean_shortcode_after_title":"","ocean_shortcode_before_footer_widgets":"","ocean_shortcode_after_footer_widgets":"","ocean_shortcode_before_footer_bottom":"","ocean_shortcode_after_footer_bottom":"","ocean_display_top_bar":"default","ocean_display_header":"default","ocean_header_style":"","ocean_center_header_left_menu":"","ocean_custom_header_template":"","ocean_custom_logo":0,"ocean_custom_retina_logo":0,"ocean_custom_logo_max_width":0,"ocean_custom_logo_tablet_max_width":0,"ocean_custom_logo_mobile_max_width":0,"ocean_custom_logo_max_height":0,"ocean_custom_logo_tablet_max_height":0,"ocean_custom_logo_mobile_max_height":0,"ocean_header_custom_menu":"","ocean_menu_typo_font_family":"","ocean_menu_typo_font_subset":"","ocean_menu_typo_font_size":0,"ocean_menu_typo_font_size_tablet":0,"ocean_menu_typo_font_size_mobile":0,"ocean_menu_typo_font_size_unit":"px","ocean_menu_typo_font_weight":"","ocean_menu_typo_font_weight_tablet":"","ocean_menu_typo_font_weight_mobile":"","ocean_menu_typo_transform":"","ocean_menu_typo_transform_tablet":"","ocean_menu_typo_transform_mobile":"","ocean_menu_typo_line_height":0,"ocean_menu_typo_line_height_tablet":0,"ocean_menu_typo_line_height_mobile":0,"ocean_menu_typo_line_height_unit":"","ocean_menu_typo_spacing":0,"ocean_menu_typo_spacing_tablet":0,"ocean_menu_typo_spacing_mobile":0,"ocean_menu_typo_spacing_unit":"","ocean_menu_link_color":"","ocean_menu_link_color_hover":"","ocean_menu_link_color_active":"","ocean_menu_link_background":"","ocean_menu_link_hover_background":"","ocean_menu_link_active_background":"","ocean_menu_social_links_bg":"","ocean_menu_social_hover_links_bg":"","ocean_menu_social_links_color":"","ocean_menu_social_hover_links_color":"","ocean_disable_title":"default","ocean_disable_heading":"default","ocean_post_title":"","ocean_post_subheading":"","ocean_post_title_style":"","ocean_post_title_background_color":"","ocean_post_title_background":0,"ocean_post_title_bg_image_position":"","ocean_post_title_bg_image_attachment":"","ocean_post_title_bg_image_repeat":"","ocean_post_title_bg_image_size":"","ocean_post_title_height":0,"ocean_post_title_bg_overlay":0.5,"ocean_post_title_bg_overlay_color":"","ocean_disable_breadcrumbs":"default","ocean_breadcrumbs_color":"","ocean_breadcrumbs_separator_color":"","ocean_breadcrumbs_links_color":"","ocean_breadcrumbs_links_hover_color":"","ocean_display_footer_widgets":"default","ocean_display_footer_bottom":"default","ocean_custom_footer_template":"","footnotes":""},"class_list":["post-2","page","type-page","status-publish","hentry","entry"],"yoast_head":"<!-- This site is optimized with the Yoast SEO plugin v27.4 - https:\/\/yoast.com\/product\/yoast-seo-wordpress\/ -->\n<title>Inscription 2025\/2026 - Amicale Pongiste du Perreux<\/title>\n<meta name=\"robots\" content=\"index, follow, max-snippet:-1, max-image-preview:large, max-video-preview:-1\" \/>\n<link rel=\"canonical\" href=\"https:\/\/apperreux.com\/index.php\/page-d-exemple\/\" \/>\n<meta property=\"og:locale\" content=\"en_US\" \/>\n<meta property=\"og:type\" content=\"article\" \/>\n<meta property=\"og:title\" content=\"Inscription 2025\/2026 - Amicale Pongiste du Perreux\" \/>\n<meta property=\"og:description\" content=\"Pour cette nouvelle saison sportive, les inscriptions au club, et le r\u00e8glement des cotisations, se font via le site HelloAsso. La d\u00e9marche \u00e0 suivre vous sera expliqu\u00e9e en d\u00e9tail en cliquant sur le bouton &#8220;Adh\u00e9rer au club&#8221;. Vous trouverez toutes les informations relatives aux cotisations dans le formulaire t\u00e9l\u00e9chargeable ci-dessous. Si vous avez des questions, [&hellip;]\" \/>\n<meta property=\"og:url\" content=\"https:\/\/apperreux.com\/index.php\/page-d-exemple\/\" \/>\n<meta property=\"og:site_name\" content=\"Amicale Pongiste du Perreux\" \/>\n<meta property=\"article:modified_time\" content=\"2025-11-19T11:48:55+00:00\" \/>\n<meta name=\"twitter:card\" content=\"summary_large_image\" \/>\n<meta name=\"twitter:label1\" content=\"Est. reading time\" \/>\n\t<meta name=\"twitter:data1\" content=\"1 minute\" \/>\n<script type=\"application\/ld+json\" class=\"yoast-schema-graph\">{\"@context\":\"https:\\\/\\\/schema.org\",\"@graph\":[{\"@type\":\"WebPage\",\"@id\":\"https:\\\/\\\/apperreux.com\\\/index.php\\\/page-d-exemple\\\/\",\"url\":\"https:\\\/\\\/apperreux.com\\\/index.php\\\/page-d-exemple\\\/\",\"name\":\"Inscription 2025\\\/2026 - Amicale Pongiste du Perreux\",\"isPartOf\":{\"@id\":\"https:\\\/\\\/apperreux.com\\\/#website\"},\"datePublished\":\"2024-07-22T18:47:33+00:00\",\"dateModified\":\"2025-11-19T11:48:55+00:00\",\"breadcrumb\":{\"@id\":\"https:\\\/\\\/apperreux.com\\\/index.php\\\/page-d-exemple\\\/#breadcrumb\"},\"inLanguage\":\"en-US\",\"potentialAction\":[{\"@type\":\"ReadAction\",\"target\":[\"https:\\\/\\\/apperreux.com\\\/index.php\\\/page-d-exemple\\\/\"]}]},{\"@type\":\"BreadcrumbList\",\"@id\":\"https:\\\/\\\/apperreux.com\\\/index.php\\\/page-d-exemple\\\/#breadcrumb\",\"itemListElement\":[{\"@type\":\"ListItem\",\"position\":1,\"name\":\"Accueil\",\"item\":\"https:\\\/\\\/apperreux.com\\\/\"},{\"@type\":\"ListItem\",\"position\":2,\"name\":\"Inscription 2025\\\/2026\"}]},{\"@type\":\"WebSite\",\"@id\":\"https:\\\/\\\/apperreux.com\\\/#website\",\"url\":\"https:\\\/\\\/apperreux.com\\\/\",\"name\":\"Amicale Pongiste du Perreux\",\"description\":\"Club de Tennis de Table du Perreux sur Marne\",\"publisher\":{\"@id\":\"https:\\\/\\\/apperreux.com\\\/#organization\"},\"potentialAction\":[{\"@type\":\"SearchAction\",\"target\":{\"@type\":\"EntryPoint\",\"urlTemplate\":\"https:\\\/\\\/apperreux.com\\\/?s={search_term_string}\"},\"query-input\":{\"@type\":\"PropertyValueSpecification\",\"valueRequired\":true,\"valueName\":\"search_term_string\"}}],\"inLanguage\":\"en-US\"},{\"@type\":\"Organization\",\"@id\":\"https:\\\/\\\/apperreux.com\\\/#organization\",\"name\":\"Amicale Pongiste du Perreux\",\"url\":\"https:\\\/\\\/apperreux.com\\\/\",\"logo\":{\"@type\":\"ImageObject\",\"inLanguage\":\"en-US\",\"@id\":\"https:\\\/\\\/apperreux.com\\\/#\\\/schema\\\/logo\\\/image\\\/\",\"url\":\"https:\\\/\\\/apperreux.com\\\/wp-content\\\/uploads\\\/2025\\\/09\\\/cropped-essai-log-OK-NOIR-18-FFF9B5.ai_-scaled-1.png\",\"contentUrl\":\"https:\\\/\\\/apperreux.com\\\/wp-content\\\/uploads\\\/2025\\\/09\\\/cropped-essai-log-OK-NOIR-18-FFF9B5.ai_-scaled-1.png\",\"width\":956,\"height\":1501,\"caption\":\"Amicale Pongiste du Perreux\"},\"image\":{\"@id\":\"https:\\\/\\\/apperreux.com\\\/#\\\/schema\\\/logo\\\/image\\\/\"}}]}<\/script>\n<!-- \/ Yoast SEO plugin. -->","yoast_head_json":{"title":"Inscription 2025\/2026 - Amicale Pongiste du Perreux","robots":{"index":"index","follow":"follow","max-snippet":"max-snippet:-1","max-image-preview":"max-image-preview:large","max-video-preview":"max-video-preview:-1"},"canonical":"https:\/\/apperreux.com\/index.php\/page-d-exemple\/","og_locale":"en_US","og_type":"article","og_title":"Inscription 2025\/2026 - Amicale Pongiste du Perreux","og_description":"Pour cette nouvelle saison sportive, les inscriptions au club, et le r\u00e8glement des cotisations, se font via le site HelloAsso. La d\u00e9marche \u00e0 suivre vous sera expliqu\u00e9e en d\u00e9tail en cliquant sur le bouton &#8220;Adh\u00e9rer au club&#8221;. Vous trouverez toutes les informations relatives aux cotisations dans le formulaire t\u00e9l\u00e9chargeable ci-dessous. Si vous avez des questions, [&hellip;]","og_url":"https:\/\/apperreux.com\/index.php\/page-d-exemple\/","og_site_name":"Amicale Pongiste du Perreux","article_modified_time":"2025-11-19T11:48:55+00:00","twitter_card":"summary_large_image","twitter_misc":{"Est. reading time":"1 minute"},"schema":{"@context":"https:\/\/schema.org","@graph":[{"@type":"WebPage","@id":"https:\/\/apperreux.com\/index.php\/page-d-exemple\/","url":"https:\/\/apperreux.com\/index.php\/page-d-exemple\/","name":"Inscription 2025\/2026 - Amicale Pongiste du Perreux","isPartOf":{"@id":"https:\/\/apperreux.com\/#website"},"datePublished":"2024-07-22T18:47:33+00:00","dateModified":"2025-11-19T11:48:55+00:00","breadcrumb":{"@id":"https:\/\/apperreux.com\/index.php\/page-d-exemple\/#breadcrumb"},"inLanguage":"en-US","potentialAction":[{"@type":"ReadAction","target":["https:\/\/apperreux.com\/index.php\/page-d-exemple\/"]}]},{"@type":"BreadcrumbList","@id":"https:\/\/apperreux.com\/index.php\/page-d-exemple\/#breadcrumb","itemListElement":[{"@type":"ListItem","position":1,"name":"Accueil","item":"https:\/\/apperreux.com\/"},{"@type":"ListItem","position":2,"name":"Inscription 2025\/2026"}]},{"@type":"WebSite","@id":"https:\/\/apperreux.com\/#website","url":"https:\/\/apperreux.com\/","name":"Amicale Pongiste du Perreux","description":"Club de Tennis de Table du Perreux sur Marne","publisher":{"@id":"https:\/\/apperreux.com\/#organization"},"potentialAction":[{"@type":"SearchAction","target":{"@type":"EntryPoint","urlTemplate":"https:\/\/apperreux.com\/?s={search_term_string}"},"query-input":{"@type":"PropertyValueSpecification","valueRequired":true,"valueName":"search_term_string"}}],"inLanguage":"en-US"},{"@type":"Organization","@id":"https:\/\/apperreux.com\/#organization","name":"Amicale Pongiste du Perreux","url":"https:\/\/apperreux.com\/","logo":{"@type":"ImageObject","inLanguage":"en-US","@id":"https:\/\/apperreux.com\/#\/schema\/logo\/image\/","url":"https:\/\/apperreux.com\/wp-content\/uploads\/2025\/09\/cropped-essai-log-OK-NOIR-18-FFF9B5.ai_-scaled-1.png","contentUrl":"https:\/\/apperreux.com\/wp-content\/uploads\/2025\/09\/cropped-essai-log-OK-NOIR-18-FFF9B5.ai_-scaled-1.png","width":956,"height":1501,"caption":"Amicale Pongiste du Perreux"},"image":{"@id":"https:\/\/apperreux.com\/#\/schema\/logo\/image\/"}}]}},"_links":{"self":[{"href":"https:\/\/apperreux.com\/index.php\/wp-json\/wp\/v2\/pages\/2","targetHints":{"allow":["GET"]}}],"collection":[{"href":"https:\/\/apperreux.com\/index.php\/wp-json\/wp\/v2\/pages"}],"about":[{"href":"https:\/\/apperreux.com\/index.php\/wp-json\/wp\/v2\/types\/page"}],"author":[{"embeddable":true,"href":"https:\/\/apperreux.com\/index.php\/wp-json\/wp\/v2\/users\/1"}],"replies":[{"embeddable":true,"href":"https:\/\/apperreux.com\/index.php\/wp-json\/wp\/v2\/comments?post=2"}],"version-history":[{"count":26,"href":"https:\/\/apperreux.com\/index.php\/wp-json\/wp\/v2\/pages\/2\/revisions"}],"predecessor-version":[{"id":683,"href":"https:\/\/apperreux.com\/index.php\/wp-json\/wp\/v2\/pages\/2\/revisions\/683"}],"wp:attachment":[{"href":"https:\/\/apperreux.com\/index.php\/wp-json\/wp\/v2\/media?parent=2"}],"curies":[{"name":"wp","href":"https:\/\/api.w.org\/{rel}","templated":true}]}}