{"id":290,"date":"2025-09-10T11:38:30","date_gmt":"2025-09-10T09:38:30","guid":{"rendered":"https:\/\/apperreux.com\/?page_id=290"},"modified":"2026-04-13T19:47:28","modified_gmt":"2026-04-13T17:47:28","slug":"actualite","status":"publish","type":"page","link":"https:\/\/apperreux.com\/","title":{"rendered":"Actualit\u00e9"},"content":{"rendered":"\t\t<div data-elementor-type=\"wp-page\" data-elementor-id=\"290\" class=\"elementor elementor-290\">\n\t\t\t\t<div class=\"elementor-element elementor-element-ee7661c e-flex e-con-boxed e-con e-parent\" data-id=\"ee7661c\" data-element_type=\"container\" data-e-type=\"container\">\n\t\t\t\t\t<div class=\"e-con-inner\">\n\t\t\t\t<div class=\"elementor-element elementor-element-50b1578 elementor-widget elementor-widget-heading\" data-id=\"50b1578\" data-element_type=\"widget\" data-e-type=\"widget\" data-widget_type=\"heading.default\">\n\t\t\t\t\t<h2 class=\"elementor-heading-title elementor-size-default\">RESULTAT TOURNOI DU CLUB<\/h2>\t\t\t\t<\/div>\n\t\t\t\t\t<\/div>\n\t\t\t\t<\/div>\n\t\t<div class=\"elementor-element elementor-element-7d4b09c9 e-flex e-con-boxed e-con e-parent\" data-id=\"7d4b09c9\" data-element_type=\"container\" data-e-type=\"container\">\n\t\t\t\t\t<div class=\"e-con-inner\">\n\t\t\t\t<div class=\"elementor-element elementor-element-2cf99085 elementor-widget elementor-widget-text-editor\" data-id=\"2cf99085\" data-element_type=\"widget\" data-e-type=\"widget\" data-widget_type=\"text-editor.default\">\n\t\t\t\t\t\t\t\t\t<p>Pendant les vacances de f\u00e9vrier, s&#8217;est d\u00e9roul\u00e9 le deuxi\u00e8me tournoi du club de l&#8217;ann\u00e9e.\u00a0<\/p><p>Merci \u00e0 tous les participants qui on l&#8217;esp\u00e8re ont pass\u00e9 un bel apr\u00e8s-midi !<\/p><p>Voici les r\u00e9sultats :\u00a0<\/p>\t\t\t\t\t\t\t\t<\/div>\n\t\t\t\t<div class=\"elementor-element elementor-element-4756d93c elementor-widget elementor-widget-heading\" data-id=\"4756d93c\" data-element_type=\"widget\" data-e-type=\"widget\" data-widget_type=\"heading.default\">\n\t\t\t\t\t<h2 class=\"elementor-heading-title elementor-size-default\">Tableau Gagnant Jeune<\/h2>\t\t\t\t<\/div>\n\t\t<div class=\"elementor-element elementor-element-2bd50648 e-grid e-con-full e-con e-child\" data-id=\"2bd50648\" data-element_type=\"container\" data-e-type=\"container\">\n\t\t\t\t<div class=\"elementor-element elementor-element-3e3a1a31 elementor-widget elementor-widget-image\" data-id=\"3e3a1a31\" data-element_type=\"widget\" data-e-type=\"widget\" data-widget_type=\"image.default\">\n\t\t\t\t\t\t\t\t\t\t\t\t\t\t\t<img fetchpriority=\"high\" decoding=\"async\" width=\"768\" height=\"1024\" src=\"https:\/\/apperreux.com\/wp-content\/uploads\/2026\/03\/WhatsApp-Image-2026-02-22-at-11.43.40-768x1024.jpeg\" class=\"attachment-large size-large wp-image-849\" alt=\"\" srcset=\"https:\/\/apperreux.com\/wp-content\/uploads\/2026\/03\/WhatsApp-Image-2026-02-22-at-11.43.40-768x1024.jpeg 768w, https:\/\/apperreux.com\/wp-content\/uploads\/2026\/03\/WhatsApp-Image-2026-02-22-at-11.43.40-225x300.jpeg 225w, https:\/\/apperreux.com\/wp-content\/uploads\/2026\/03\/WhatsApp-Image-2026-02-22-at-11.43.40-1152x1536.jpeg 1152w, https:\/\/apperreux.com\/wp-content\/uploads\/2026\/03\/WhatsApp-Image-2026-02-22-at-11.43.40.jpeg 1200w\" sizes=\"(max-width: 768px) 100vw, 768px\" \/>\t\t\t\t\t\t\t\t\t\t\t\t\t\t\t<\/div>\n\t\t\t\t<\/div>\n\t\t\t\t\t<\/div>\n\t\t\t\t<\/div>\n\t\t<div class=\"elementor-element elementor-element-1ecf8bbf e-grid e-con-full e-con e-parent\" data-id=\"1ecf8bbf\" data-element_type=\"container\" data-e-type=\"container\">\n\t\t\t\t<div class=\"elementor-element elementor-element-39e40324 elementor-widget elementor-widget-text-editor\" data-id=\"39e40324\" data-element_type=\"widget\" data-e-type=\"widget\" data-widget_type=\"text-editor.default\">\n\t\t\t\t\t\t\t\t\t<p>\ud83e\udd47 Aurel GAUTHIER<\/p>\t\t\t\t\t\t\t\t<\/div>\n\t\t\t\t<div class=\"elementor-element elementor-element-32575d85 elementor-widget elementor-widget-text-editor\" data-id=\"32575d85\" data-element_type=\"widget\" data-e-type=\"widget\" data-widget_type=\"text-editor.default\">\n\t\t\t\t\t\t\t\t\t<p>\ud83e\udd48 Alhan TOUIAR<\/p>\t\t\t\t\t\t\t\t<\/div>\n\t\t\t\t<div class=\"elementor-element elementor-element-5e4c815b elementor-widget elementor-widget-text-editor\" data-id=\"5e4c815b\" data-element_type=\"widget\" data-e-type=\"widget\" data-widget_type=\"text-editor.default\">\n\t\t\t\t\t\t\t\t\t<p>\ud83e\udd49 Rom\u00e9o Hubert<\/p>\t\t\t\t\t\t\t\t<\/div>\n\t\t\t\t<\/div>\n\t\t<div class=\"elementor-element elementor-element-646b1e2e e-flex e-con-boxed e-con e-parent\" data-id=\"646b1e2e\" data-element_type=\"container\" data-e-type=\"container\">\n\t\t\t\t\t<div class=\"e-con-inner\">\n\t\t\t\t<div class=\"elementor-element elementor-element-74717a3 elementor-widget elementor-widget-heading\" data-id=\"74717a3\" data-element_type=\"widget\" data-e-type=\"widget\" data-widget_type=\"heading.default\">\n\t\t\t\t\t<h2 class=\"elementor-heading-title elementor-size-default\">Tableau Consolante Jeune<\/h2>\t\t\t\t<\/div>\n\t\t<div class=\"elementor-element elementor-element-49d14ece e-grid e-con-full e-con e-child\" data-id=\"49d14ece\" data-element_type=\"container\" data-e-type=\"container\">\n\t\t\t\t<div class=\"elementor-element elementor-element-b4ffdd8 elementor-widget elementor-widget-image\" data-id=\"b4ffdd8\" data-element_type=\"widget\" data-e-type=\"widget\" data-widget_type=\"image.default\">\n\t\t\t\t\t\t\t\t\t\t\t\t\t\t\t<img decoding=\"async\" width=\"768\" height=\"1024\" src=\"https:\/\/apperreux.com\/wp-content\/uploads\/2026\/03\/WhatsApp-Image-2026-02-22-at-11.43.44-1-768x1024.jpeg\" class=\"attachment-large size-large wp-image-843\" alt=\"\" srcset=\"https:\/\/apperreux.com\/wp-content\/uploads\/2026\/03\/WhatsApp-Image-2026-02-22-at-11.43.44-1-768x1024.jpeg 768w, https:\/\/apperreux.com\/wp-content\/uploads\/2026\/03\/WhatsApp-Image-2026-02-22-at-11.43.44-1-225x300.jpeg 225w, https:\/\/apperreux.com\/wp-content\/uploads\/2026\/03\/WhatsApp-Image-2026-02-22-at-11.43.44-1-1152x1536.jpeg 1152w, https:\/\/apperreux.com\/wp-content\/uploads\/2026\/03\/WhatsApp-Image-2026-02-22-at-11.43.44-1.jpeg 1200w\" sizes=\"(max-width: 768px) 100vw, 768px\" \/>\t\t\t\t\t\t\t\t\t\t\t\t\t\t\t<\/div>\n\t\t\t\t<\/div>\n\t\t\t\t\t<\/div>\n\t\t\t\t<\/div>\n\t\t<div class=\"elementor-element elementor-element-4a7edbd8 e-grid e-con-full e-con e-parent\" data-id=\"4a7edbd8\" data-element_type=\"container\" data-e-type=\"container\">\n\t\t\t\t<div class=\"elementor-element elementor-element-596fe5da elementor-widget elementor-widget-text-editor\" data-id=\"596fe5da\" data-element_type=\"widget\" data-e-type=\"widget\" data-widget_type=\"text-editor.default\">\n\t\t\t\t\t\t\t\t\t<p><img decoding=\"async\" class=\"emoji\" role=\"img\" draggable=\"false\" src=\"https:\/\/s.w.org\/images\/core\/emoji\/16.0.1\/svg\/1f947.svg\" alt=\"\ud83e\udd47\" \/> Tobias MISIARCZYK<\/p>\t\t\t\t\t\t\t\t<\/div>\n\t\t\t\t<div class=\"elementor-element elementor-element-1d7789d5 elementor-widget elementor-widget-text-editor\" data-id=\"1d7789d5\" data-element_type=\"widget\" data-e-type=\"widget\" data-widget_type=\"text-editor.default\">\n\t\t\t\t\t\t\t\t\t<p>\ud83e\udd48 Arthur DESMOTTES<\/p>\t\t\t\t\t\t\t\t<\/div>\n\t\t\t\t<div class=\"elementor-element elementor-element-19bd8ca4 elementor-widget elementor-widget-text-editor\" data-id=\"19bd8ca4\" data-element_type=\"widget\" data-e-type=\"widget\" data-widget_type=\"text-editor.default\">\n\t\t\t\t\t\t\t\t\t<p>\ud83e\udd49 Mathias VINLIGUERA<\/p>\t\t\t\t\t\t\t\t<\/div>\n\t\t\t\t<\/div>\n\t\t<div class=\"elementor-element elementor-element-3591985 e-flex e-con-boxed e-con e-parent\" data-id=\"3591985\" data-element_type=\"container\" data-e-type=\"container\">\n\t\t\t\t\t<div class=\"e-con-inner\">\n\t\t\t\t<div class=\"elementor-element elementor-element-77b5142f elementor-widget elementor-widget-heading\" data-id=\"77b5142f\" data-element_type=\"widget\" data-e-type=\"widget\" data-widget_type=\"heading.default\">\n\t\t\t\t\t<h2 class=\"elementor-heading-title elementor-size-default\">Tableau Gagnant Adulte<\/h2>\t\t\t\t<\/div>\n\t\t<div class=\"elementor-element elementor-element-ba99c24 e-grid e-con-full e-con e-child\" data-id=\"ba99c24\" data-element_type=\"container\" data-e-type=\"container\">\n\t\t\t\t<div class=\"elementor-element elementor-element-7652d80e elementor-widget elementor-widget-image\" data-id=\"7652d80e\" data-element_type=\"widget\" data-e-type=\"widget\" data-widget_type=\"image.default\">\n\t\t\t\t\t\t\t\t\t\t\t\t\t\t\t<img decoding=\"async\" width=\"768\" height=\"1024\" src=\"https:\/\/apperreux.com\/wp-content\/uploads\/2026\/03\/WhatsApp-Image-2026-02-22-at-11.43.35-768x1024.jpeg\" class=\"attachment-large size-large wp-image-854\" alt=\"\" srcset=\"https:\/\/apperreux.com\/wp-content\/uploads\/2026\/03\/WhatsApp-Image-2026-02-22-at-11.43.35-768x1024.jpeg 768w, https:\/\/apperreux.com\/wp-content\/uploads\/2026\/03\/WhatsApp-Image-2026-02-22-at-11.43.35-225x300.jpeg 225w, https:\/\/apperreux.com\/wp-content\/uploads\/2026\/03\/WhatsApp-Image-2026-02-22-at-11.43.35-1152x1536.jpeg 1152w, https:\/\/apperreux.com\/wp-content\/uploads\/2026\/03\/WhatsApp-Image-2026-02-22-at-11.43.35.jpeg 1200w\" sizes=\"(max-width: 768px) 100vw, 768px\" \/>\t\t\t\t\t\t\t\t\t\t\t\t\t\t\t<\/div>\n\t\t\t\t<\/div>\n\t\t\t\t\t<\/div>\n\t\t\t\t<\/div>\n\t\t<div class=\"elementor-element elementor-element-7d4bd8ba e-grid e-con-full e-con e-parent\" data-id=\"7d4bd8ba\" data-element_type=\"container\" data-e-type=\"container\">\n\t\t\t\t<div class=\"elementor-element elementor-element-55c879b9 elementor-widget elementor-widget-text-editor\" data-id=\"55c879b9\" data-element_type=\"widget\" data-e-type=\"widget\" data-widget_type=\"text-editor.default\">\n\t\t\t\t\t\t\t\t\t<p><img decoding=\"async\" class=\"emoji\" role=\"img\" draggable=\"false\" src=\"https:\/\/s.w.org\/images\/core\/emoji\/16.0.1\/svg\/1f947.svg\" alt=\"\ud83e\udd47\" \/> Julien KERHUEL<\/p>\t\t\t\t\t\t\t\t<\/div>\n\t\t\t\t<div class=\"elementor-element elementor-element-544698aa elementor-widget elementor-widget-text-editor\" data-id=\"544698aa\" data-element_type=\"widget\" data-e-type=\"widget\" data-widget_type=\"text-editor.default\">\n\t\t\t\t\t\t\t\t\t<p>\ud83e\udd48 Enzo LAVINA<\/p>\t\t\t\t\t\t\t\t<\/div>\n\t\t\t\t<div class=\"elementor-element elementor-element-144bb35a elementor-widget elementor-widget-text-editor\" data-id=\"144bb35a\" data-element_type=\"widget\" data-e-type=\"widget\" data-widget_type=\"text-editor.default\">\n\t\t\t\t\t\t\t\t\t<p>\ud83e\udd49 Jacky TAPIA<\/p>\t\t\t\t\t\t\t\t<\/div>\n\t\t\t\t<\/div>\n\t\t<div class=\"elementor-element elementor-element-4e8e206b e-flex e-con-boxed e-con e-parent\" data-id=\"4e8e206b\" data-element_type=\"container\" data-e-type=\"container\">\n\t\t\t\t\t<div class=\"e-con-inner\">\n\t\t\t\t<div class=\"elementor-element elementor-element-11b9d8d9 elementor-widget elementor-widget-heading\" data-id=\"11b9d8d9\" data-element_type=\"widget\" data-e-type=\"widget\" data-widget_type=\"heading.default\">\n\t\t\t\t\t<h2 class=\"elementor-heading-title elementor-size-default\">Tableau Consolante Adulte<\/h2>\t\t\t\t<\/div>\n\t\t\t\t\t<\/div>\n\t\t\t\t<\/div>\n\t\t<div class=\"elementor-element elementor-element-507346a7 e-flex e-con-boxed e-con e-parent\" data-id=\"507346a7\" data-element_type=\"container\" data-e-type=\"container\">\n\t\t\t\t\t<div class=\"e-con-inner\">\n\t\t<div class=\"elementor-element elementor-element-75650f41 e-grid e-con-full e-con e-child\" data-id=\"75650f41\" data-element_type=\"container\" data-e-type=\"container\">\n\t\t\t\t<div class=\"elementor-element elementor-element-7eab9c20 elementor-widget elementor-widget-image\" data-id=\"7eab9c20\" data-element_type=\"widget\" data-e-type=\"widget\" data-widget_type=\"image.default\">\n\t\t\t\t\t\t\t\t\t\t\t\t\t\t\t<img loading=\"lazy\" decoding=\"async\" width=\"768\" height=\"1024\" src=\"https:\/\/apperreux.com\/wp-content\/uploads\/2026\/03\/WhatsApp-Image-2026-02-22-at-11.43.38-768x1024.jpeg\" class=\"attachment-large size-large wp-image-851\" alt=\"\" srcset=\"https:\/\/apperreux.com\/wp-content\/uploads\/2026\/03\/WhatsApp-Image-2026-02-22-at-11.43.38-768x1024.jpeg 768w, https:\/\/apperreux.com\/wp-content\/uploads\/2026\/03\/WhatsApp-Image-2026-02-22-at-11.43.38-225x300.jpeg 225w, https:\/\/apperreux.com\/wp-content\/uploads\/2026\/03\/WhatsApp-Image-2026-02-22-at-11.43.38-1152x1536.jpeg 1152w, https:\/\/apperreux.com\/wp-content\/uploads\/2026\/03\/WhatsApp-Image-2026-02-22-at-11.43.38.jpeg 1200w\" sizes=\"(max-width: 768px) 100vw, 768px\" \/>\t\t\t\t\t\t\t\t\t\t\t\t\t\t\t<\/div>\n\t\t\t\t<\/div>\n\t\t\t\t\t<\/div>\n\t\t\t\t<\/div>\n\t\t<div class=\"elementor-element elementor-element-11b06b9a e-grid e-con-full e-con e-parent\" data-id=\"11b06b9a\" data-element_type=\"container\" data-e-type=\"container\">\n\t\t\t\t<div class=\"elementor-element elementor-element-24b3a138 elementor-widget elementor-widget-text-editor\" data-id=\"24b3a138\" data-element_type=\"widget\" data-e-type=\"widget\" data-widget_type=\"text-editor.default\">\n\t\t\t\t\t\t\t\t\t<p><img decoding=\"async\" class=\"emoji\" role=\"img\" draggable=\"false\" src=\"https:\/\/s.w.org\/images\/core\/emoji\/16.0.1\/svg\/1f947.svg\" alt=\"\ud83e\udd47\" \/> Nourdine N&#8217;DIAYE<\/p>\t\t\t\t\t\t\t\t<\/div>\n\t\t\t\t<div class=\"elementor-element elementor-element-501b1527 elementor-widget elementor-widget-text-editor\" data-id=\"501b1527\" data-element_type=\"widget\" data-e-type=\"widget\" data-widget_type=\"text-editor.default\">\n\t\t\t\t\t\t\t\t\t<p>\ud83e\udd48 Emmanuel FONDET<\/p>\t\t\t\t\t\t\t\t<\/div>\n\t\t\t\t<div class=\"elementor-element elementor-element-674a3cc2 elementor-widget elementor-widget-text-editor\" data-id=\"674a3cc2\" data-element_type=\"widget\" data-e-type=\"widget\" data-widget_type=\"text-editor.default\">\n\t\t\t\t\t\t\t\t\t<p>\ud83e\udd49 Olivier CHHAR<\/p>\t\t\t\t\t\t\t\t<\/div>\n\t\t\t\t<\/div>\n\t\t\t\t<\/div>\n\t\t","protected":false},"excerpt":{"rendered":"<p>RESULTAT TOURNOI DU CLUB Pendant les vacances de f\u00e9vrier, s&#8217;est d\u00e9roul\u00e9 le deuxi\u00e8me tournoi du club de l&#8217;ann\u00e9e.\u00a0 Merci \u00e0 tous les participants qui on l&#8217;esp\u00e8re ont pass\u00e9 un bel apr\u00e8s-midi ! Voici les r\u00e9sultats :\u00a0 Tableau Gagnant Jeune \ud83e\udd47 Aurel GAUTHIER \ud83e\udd48 Alhan TOUIAR \ud83e\udd49 Rom\u00e9o Hubert Tableau Consolante Jeune Tobias MISIARCZYK \ud83e\udd48 Arthur [&hellip;]<\/p>\n","protected":false},"author":1,"featured_media":0,"parent":0,"menu_order":0,"comment_status":"closed","ping_status":"closed","template":"","meta":{"ocean_post_layout":"","ocean_both_sidebars_style":"","ocean_both_sidebars_content_width":0,"ocean_both_sidebars_sidebars_width":0,"ocean_sidebar":"","ocean_second_sidebar":"","ocean_disable_margins":"enable","ocean_add_body_class":"","ocean_shortcode_before_top_bar":"","ocean_shortcode_after_top_bar":"","ocean_shortcode_before_header":"","ocean_shortcode_after_header":"","ocean_has_shortcode":"","ocean_shortcode_after_title":"","ocean_shortcode_before_footer_widgets":"","ocean_shortcode_after_footer_widgets":"","ocean_shortcode_before_footer_bottom":"","ocean_shortcode_after_footer_bottom":"","ocean_display_top_bar":"default","ocean_display_header":"default","ocean_header_style":"","ocean_center_header_left_menu":"","ocean_custom_header_template":"","ocean_custom_logo":0,"ocean_custom_retina_logo":0,"ocean_custom_logo_max_width":0,"ocean_custom_logo_tablet_max_width":0,"ocean_custom_logo_mobile_max_width":0,"ocean_custom_logo_max_height":0,"ocean_custom_logo_tablet_max_height":0,"ocean_custom_logo_mobile_max_height":0,"ocean_header_custom_menu":"","ocean_menu_typo_font_family":"","ocean_menu_typo_font_subset":"","ocean_menu_typo_font_size":0,"ocean_menu_typo_font_size_tablet":0,"ocean_menu_typo_font_size_mobile":0,"ocean_menu_typo_font_size_unit":"px","ocean_menu_typo_font_weight":"","ocean_menu_typo_font_weight_tablet":"","ocean_menu_typo_font_weight_mobile":"","ocean_menu_typo_transform":"","ocean_menu_typo_transform_tablet":"","ocean_menu_typo_transform_mobile":"","ocean_menu_typo_line_height":0,"ocean_menu_typo_line_height_tablet":0,"ocean_menu_typo_line_height_mobile":0,"ocean_menu_typo_line_height_unit":"","ocean_menu_typo_spacing":0,"ocean_menu_typo_spacing_tablet":0,"ocean_menu_typo_spacing_mobile":0,"ocean_menu_typo_spacing_unit":"","ocean_menu_link_color":"","ocean_menu_link_color_hover":"","ocean_menu_link_color_active":"","ocean_menu_link_background":"","ocean_menu_link_hover_background":"","ocean_menu_link_active_background":"","ocean_menu_social_links_bg":"","ocean_menu_social_hover_links_bg":"","ocean_menu_social_links_color":"","ocean_menu_social_hover_links_color":"","ocean_disable_title":"default","ocean_disable_heading":"default","ocean_post_title":"","ocean_post_subheading":"","ocean_post_title_style":"","ocean_post_title_background_color":"","ocean_post_title_background":0,"ocean_post_title_bg_image_position":"","ocean_post_title_bg_image_attachment":"","ocean_post_title_bg_image_repeat":"","ocean_post_title_bg_image_size":"","ocean_post_title_height":0,"ocean_post_title_bg_overlay":0.5,"ocean_post_title_bg_overlay_color":"","ocean_disable_breadcrumbs":"default","ocean_breadcrumbs_color":"","ocean_breadcrumbs_separator_color":"","ocean_breadcrumbs_links_color":"","ocean_breadcrumbs_links_hover_color":"","ocean_display_footer_widgets":"default","ocean_display_footer_bottom":"default","ocean_custom_footer_template":"","footnotes":""},"class_list":["post-290","page","type-page","status-publish","hentry","entry"],"yoast_head":"<!-- This site is optimized with the Yoast SEO plugin v27.4 - https:\/\/yoast.com\/product\/yoast-seo-wordpress\/ -->\n<title>Actualit\u00e9 - Amicale Pongiste du Perreux<\/title>\n<meta name=\"robots\" content=\"index, follow, max-snippet:-1, max-image-preview:large, max-video-preview:-1\" \/>\n<link rel=\"canonical\" href=\"https:\/\/apperreux.com\/\" \/>\n<meta property=\"og:locale\" content=\"en_US\" \/>\n<meta property=\"og:type\" content=\"article\" \/>\n<meta property=\"og:title\" content=\"Actualit\u00e9 - Amicale Pongiste du Perreux\" \/>\n<meta property=\"og:description\" content=\"RESULTAT TOURNOI DU CLUB Pendant les vacances de f\u00e9vrier, s&#8217;est d\u00e9roul\u00e9 le deuxi\u00e8me tournoi du club de l&#8217;ann\u00e9e.\u00a0 Merci \u00e0 tous les participants qui on l&#8217;esp\u00e8re ont pass\u00e9 un bel apr\u00e8s-midi ! Voici les r\u00e9sultats :\u00a0 Tableau Gagnant Jeune \ud83e\udd47 Aurel GAUTHIER \ud83e\udd48 Alhan TOUIAR \ud83e\udd49 Rom\u00e9o Hubert Tableau Consolante Jeune Tobias MISIARCZYK \ud83e\udd48 Arthur [&hellip;]\" \/>\n<meta property=\"og:url\" content=\"https:\/\/apperreux.com\/\" \/>\n<meta property=\"og:site_name\" content=\"Amicale Pongiste du Perreux\" \/>\n<meta property=\"article:modified_time\" content=\"2026-04-13T17:47:28+00:00\" \/>\n<meta property=\"og:image\" content=\"http:\/\/apperreux.com\/wp-content\/uploads\/2026\/03\/WhatsApp-Image-2026-02-22-at-11.43.40-768x1024.jpeg\" \/>\n<meta name=\"twitter:card\" content=\"summary_large_image\" \/>\n<meta name=\"twitter:label1\" content=\"Est. reading time\" \/>\n\t<meta name=\"twitter:data1\" content=\"3 minutes\" \/>\n<script type=\"application\/ld+json\" class=\"yoast-schema-graph\">{\"@context\":\"https:\\\/\\\/schema.org\",\"@graph\":[{\"@type\":\"WebPage\",\"@id\":\"https:\\\/\\\/apperreux.com\\\/\",\"url\":\"https:\\\/\\\/apperreux.com\\\/\",\"name\":\"Actualit\u00e9 - Amicale Pongiste du Perreux\",\"isPartOf\":{\"@id\":\"https:\\\/\\\/apperreux.com\\\/#website\"},\"primaryImageOfPage\":{\"@id\":\"https:\\\/\\\/apperreux.com\\\/#primaryimage\"},\"image\":{\"@id\":\"https:\\\/\\\/apperreux.com\\\/#primaryimage\"},\"thumbnailUrl\":\"http:\\\/\\\/apperreux.com\\\/wp-content\\\/uploads\\\/2026\\\/03\\\/WhatsApp-Image-2026-02-22-at-11.43.40-768x1024.jpeg\",\"datePublished\":\"2025-09-10T09:38:30+00:00\",\"dateModified\":\"2026-04-13T17:47:28+00:00\",\"breadcrumb\":{\"@id\":\"https:\\\/\\\/apperreux.com\\\/#breadcrumb\"},\"inLanguage\":\"en-US\",\"potentialAction\":[{\"@type\":\"ReadAction\",\"target\":[\"https:\\\/\\\/apperreux.com\\\/\"]}]},{\"@type\":\"ImageObject\",\"inLanguage\":\"en-US\",\"@id\":\"https:\\\/\\\/apperreux.com\\\/#primaryimage\",\"url\":\"http:\\\/\\\/apperreux.com\\\/wp-content\\\/uploads\\\/2026\\\/03\\\/WhatsApp-Image-2026-02-22-at-11.43.40-768x1024.jpeg\",\"contentUrl\":\"http:\\\/\\\/apperreux.com\\\/wp-content\\\/uploads\\\/2026\\\/03\\\/WhatsApp-Image-2026-02-22-at-11.43.40-768x1024.jpeg\"},{\"@type\":\"BreadcrumbList\",\"@id\":\"https:\\\/\\\/apperreux.com\\\/#breadcrumb\",\"itemListElement\":[{\"@type\":\"ListItem\",\"position\":1,\"name\":\"Accueil\",\"item\":\"https:\\\/\\\/apperreux.com\\\/\"},{\"@type\":\"ListItem\",\"position\":2,\"name\":\"Actualit\u00e9\"}]},{\"@type\":\"WebSite\",\"@id\":\"https:\\\/\\\/apperreux.com\\\/#website\",\"url\":\"https:\\\/\\\/apperreux.com\\\/\",\"name\":\"Amicale Pongiste du Perreux\",\"description\":\"Club de Tennis de Table du Perreux sur Marne\",\"publisher\":{\"@id\":\"https:\\\/\\\/apperreux.com\\\/#organization\"},\"potentialAction\":[{\"@type\":\"SearchAction\",\"target\":{\"@type\":\"EntryPoint\",\"urlTemplate\":\"https:\\\/\\\/apperreux.com\\\/?s={search_term_string}\"},\"query-input\":{\"@type\":\"PropertyValueSpecification\",\"valueRequired\":true,\"valueName\":\"search_term_string\"}}],\"inLanguage\":\"en-US\"},{\"@type\":\"Organization\",\"@id\":\"https:\\\/\\\/apperreux.com\\\/#organization\",\"name\":\"Amicale Pongiste du Perreux\",\"url\":\"https:\\\/\\\/apperreux.com\\\/\",\"logo\":{\"@type\":\"ImageObject\",\"inLanguage\":\"en-US\",\"@id\":\"https:\\\/\\\/apperreux.com\\\/#\\\/schema\\\/logo\\\/image\\\/\",\"url\":\"https:\\\/\\\/apperreux.com\\\/wp-content\\\/uploads\\\/2025\\\/09\\\/cropped-essai-log-OK-NOIR-18-FFF9B5.ai_-scaled-1.png\",\"contentUrl\":\"https:\\\/\\\/apperreux.com\\\/wp-content\\\/uploads\\\/2025\\\/09\\\/cropped-essai-log-OK-NOIR-18-FFF9B5.ai_-scaled-1.png\",\"width\":956,\"height\":1501,\"caption\":\"Amicale Pongiste du Perreux\"},\"image\":{\"@id\":\"https:\\\/\\\/apperreux.com\\\/#\\\/schema\\\/logo\\\/image\\\/\"}}]}<\/script>\n<!-- \/ Yoast SEO plugin. -->","yoast_head_json":{"title":"Actualit\u00e9 - Amicale Pongiste du Perreux","robots":{"index":"index","follow":"follow","max-snippet":"max-snippet:-1","max-image-preview":"max-image-preview:large","max-video-preview":"max-video-preview:-1"},"canonical":"https:\/\/apperreux.com\/","og_locale":"en_US","og_type":"article","og_title":"Actualit\u00e9 - Amicale Pongiste du Perreux","og_description":"RESULTAT TOURNOI DU CLUB Pendant les vacances de f\u00e9vrier, s&#8217;est d\u00e9roul\u00e9 le deuxi\u00e8me tournoi du club de l&#8217;ann\u00e9e.\u00a0 Merci \u00e0 tous les participants qui on l&#8217;esp\u00e8re ont pass\u00e9 un bel apr\u00e8s-midi ! Voici les r\u00e9sultats :\u00a0 Tableau Gagnant Jeune \ud83e\udd47 Aurel GAUTHIER \ud83e\udd48 Alhan TOUIAR \ud83e\udd49 Rom\u00e9o Hubert Tableau Consolante Jeune Tobias MISIARCZYK \ud83e\udd48 Arthur [&hellip;]","og_url":"https:\/\/apperreux.com\/","og_site_name":"Amicale Pongiste du Perreux","article_modified_time":"2026-04-13T17:47:28+00:00","og_image":[{"url":"http:\/\/apperreux.com\/wp-content\/uploads\/2026\/03\/WhatsApp-Image-2026-02-22-at-11.43.40-768x1024.jpeg","type":"","width":"","height":""}],"twitter_card":"summary_large_image","twitter_misc":{"Est. reading time":"3 minutes"},"schema":{"@context":"https:\/\/schema.org","@graph":[{"@type":"WebPage","@id":"https:\/\/apperreux.com\/","url":"https:\/\/apperreux.com\/","name":"Actualit\u00e9 - Amicale Pongiste du Perreux","isPartOf":{"@id":"https:\/\/apperreux.com\/#website"},"primaryImageOfPage":{"@id":"https:\/\/apperreux.com\/#primaryimage"},"image":{"@id":"https:\/\/apperreux.com\/#primaryimage"},"thumbnailUrl":"http:\/\/apperreux.com\/wp-content\/uploads\/2026\/03\/WhatsApp-Image-2026-02-22-at-11.43.40-768x1024.jpeg","datePublished":"2025-09-10T09:38:30+00:00","dateModified":"2026-04-13T17:47:28+00:00","breadcrumb":{"@id":"https:\/\/apperreux.com\/#breadcrumb"},"inLanguage":"en-US","potentialAction":[{"@type":"ReadAction","target":["https:\/\/apperreux.com\/"]}]},{"@type":"ImageObject","inLanguage":"en-US","@id":"https:\/\/apperreux.com\/#primaryimage","url":"http:\/\/apperreux.com\/wp-content\/uploads\/2026\/03\/WhatsApp-Image-2026-02-22-at-11.43.40-768x1024.jpeg","contentUrl":"http:\/\/apperreux.com\/wp-content\/uploads\/2026\/03\/WhatsApp-Image-2026-02-22-at-11.43.40-768x1024.jpeg"},{"@type":"BreadcrumbList","@id":"https:\/\/apperreux.com\/#breadcrumb","itemListElement":[{"@type":"ListItem","position":1,"name":"Accueil","item":"https:\/\/apperreux.com\/"},{"@type":"ListItem","position":2,"name":"Actualit\u00e9"}]},{"@type":"WebSite","@id":"https:\/\/apperreux.com\/#website","url":"https:\/\/apperreux.com\/","name":"Amicale Pongiste du Perreux","description":"Club de Tennis de Table du Perreux sur Marne","publisher":{"@id":"https:\/\/apperreux.com\/#organization"},"potentialAction":[{"@type":"SearchAction","target":{"@type":"EntryPoint","urlTemplate":"https:\/\/apperreux.com\/?s={search_term_string}"},"query-input":{"@type":"PropertyValueSpecification","valueRequired":true,"valueName":"search_term_string"}}],"inLanguage":"en-US"},{"@type":"Organization","@id":"https:\/\/apperreux.com\/#organization","name":"Amicale Pongiste du Perreux","url":"https:\/\/apperreux.com\/","logo":{"@type":"ImageObject","inLanguage":"en-US","@id":"https:\/\/apperreux.com\/#\/schema\/logo\/image\/","url":"https:\/\/apperreux.com\/wp-content\/uploads\/2025\/09\/cropped-essai-log-OK-NOIR-18-FFF9B5.ai_-scaled-1.png","contentUrl":"https:\/\/apperreux.com\/wp-content\/uploads\/2025\/09\/cropped-essai-log-OK-NOIR-18-FFF9B5.ai_-scaled-1.png","width":956,"height":1501,"caption":"Amicale Pongiste du Perreux"},"image":{"@id":"https:\/\/apperreux.com\/#\/schema\/logo\/image\/"}}]}},"_links":{"self":[{"href":"https:\/\/apperreux.com\/index.php\/wp-json\/wp\/v2\/pages\/290","targetHints":{"allow":["GET"]}}],"collection":[{"href":"https:\/\/apperreux.com\/index.php\/wp-json\/wp\/v2\/pages"}],"about":[{"href":"https:\/\/apperreux.com\/index.php\/wp-json\/wp\/v2\/types\/page"}],"author":[{"embeddable":true,"href":"https:\/\/apperreux.com\/index.php\/wp-json\/wp\/v2\/users\/1"}],"replies":[{"embeddable":true,"href":"https:\/\/apperreux.com\/index.php\/wp-json\/wp\/v2\/comments?post=290"}],"version-history":[{"count":83,"href":"https:\/\/apperreux.com\/index.php\/wp-json\/wp\/v2\/pages\/290\/revisions"}],"predecessor-version":[{"id":873,"href":"https:\/\/apperreux.com\/index.php\/wp-json\/wp\/v2\/pages\/290\/revisions\/873"}],"wp:attachment":[{"href":"https:\/\/apperreux.com\/index.php\/wp-json\/wp\/v2\/media?parent=290"}],"curies":[{"name":"wp","href":"https:\/\/api.w.org\/{rel}","templated":true}]}}